{"id":2300,"date":"2026-03-06T20:33:33","date_gmt":"2026-03-06T20:33:33","guid":{"rendered":"https:\/\/legalhub2.goldendigitalgroup.co\/?page_id=2300"},"modified":"2026-03-06T20:36:46","modified_gmt":"2026-03-06T20:36:46","slug":"terminos-y-condiciones-de-uso","status":"publish","type":"page","link":"https:\/\/legalhub2.goldendigitalgroup.co\/es\/terminos-y-condiciones-de-uso\/","title":{"rendered":"T\u00e9rminos y Condiciones de Uso"},"content":{"rendered":"<div data-elementor-type=\"wp-page\" data-elementor-id=\"2300\" class=\"elementor elementor-2300\" data-elementor-settings=\"{&quot;ha_cmc_init_switcher&quot;:&quot;no&quot;}\" data-elementor-post-type=\"page\">\n\t\t\t\t\t\t<section class=\"elementor-section elementor-top-section elementor-element elementor-element-35d8a47 elementor-section-content-middle elementor-section-boxed elementor-section-height-default elementor-section-height-default\" data-id=\"35d8a47\" data-element_type=\"section\" data-e-type=\"section\" data-settings=\"{&quot;jet_parallax_layout_list&quot;:[],&quot;background_background&quot;:&quot;classic&quot;,&quot;_ha_eqh_enable&quot;:false}\">\n\t\t\t\t\t\t\t<div class=\"elementor-background-overlay\"><\/div>\n\t\t\t\t\t\t\t<div class=\"elementor-container elementor-column-gap-default\">\n\t\t\t\t\t<div class=\"elementor-column elementor-col-100 elementor-top-column elementor-element elementor-element-c2a6ff7\" data-id=\"c2a6ff7\" data-element_type=\"column\" data-e-type=\"column\">\n\t\t\t<div class=\"elementor-widget-wrap elementor-element-populated\">\n\t\t\t\t\t\t<section class=\"elementor-section elementor-inner-section elementor-element elementor-element-5bc6c57 elementor-section-boxed elementor-section-height-default elementor-section-height-default\" data-id=\"5bc6c57\" data-element_type=\"section\" data-e-type=\"section\" data-settings=\"{&quot;jet_parallax_layout_list&quot;:[],&quot;_ha_eqh_enable&quot;:false}\">\n\t\t\t\t\t\t<div class=\"elementor-container elementor-column-gap-default\">\n\t\t\t\t\t<div class=\"elementor-column elementor-col-100 elementor-inner-column elementor-element elementor-element-8dc3fe2\" data-id=\"8dc3fe2\" data-element_type=\"column\" data-e-type=\"column\">\n\t\t\t<div class=\"elementor-widget-wrap elementor-element-populated\">\n\t\t\t\t\t\t<div class=\"elementor-element elementor-element-127f96c elementor-widget elementor-widget-heading\" data-id=\"127f96c\" data-element_type=\"widget\" data-e-type=\"widget\" data-widget_type=\"heading.default\">\n\t\t\t\t\t<h2 class=\"elementor-heading-title elementor-size-default\">T\u00e9rminos y Condiciones de Uso\n<\/h2>\t\t\t\t<\/div>\n\t\t\t\t\t<\/div>\n\t\t<\/div>\n\t\t\t\t\t<\/div>\n\t\t<\/section>\n\t\t\t\t\t<\/div>\n\t\t<\/div>\n\t\t\t\t\t<\/div>\n\t\t<\/section>\n\t\t\t\t<section class=\"elementor-section elementor-top-section elementor-element elementor-element-46443af elementor-section-content-middle elementor-section-boxed elementor-section-height-default elementor-section-height-default\" data-id=\"46443af\" data-element_type=\"section\" data-e-type=\"section\" data-settings=\"{&quot;jet_parallax_layout_list&quot;:[],&quot;_ha_eqh_enable&quot;:false}\">\n\t\t\t\t\t\t<div class=\"elementor-container elementor-column-gap-default\">\n\t\t\t\t\t<div class=\"elementor-column elementor-col-100 elementor-top-column elementor-element elementor-element-6a366ce\" data-id=\"6a366ce\" data-element_type=\"column\" data-e-type=\"column\">\n\t\t\t<div class=\"elementor-widget-wrap elementor-element-populated\">\n\t\t\t\t\t\t<div class=\"elementor-element elementor-element-9ff2ace elementor-widget elementor-widget-text-editor\" data-id=\"9ff2ace\" data-element_type=\"widget\" data-e-type=\"widget\" data-widget_type=\"text-editor.default\">\n\t\t\t\t\t\t\t\t\t<p>Bienvenido a\u00a0<b>Legal Hub Nicaragua.\u00a0<\/b>Estos T\u00e9rminos y Condiciones establecen las normas que regulan tu acceso y uso de nuestros servicios, as\u00ed como los derechos y obligaciones entre t\u00fa (el Usuario) y Legal Hub Nicaragua (el Sitio).<\/p>\t\t\t\t\t\t\t\t<\/div>\n\t\t\t\t<section class=\"elementor-section elementor-inner-section elementor-element elementor-element-7e4fe16 elementor-section-content-middle elementor-section-boxed elementor-section-height-default elementor-section-height-default\" data-id=\"7e4fe16\" data-element_type=\"section\" data-e-type=\"section\" data-settings=\"{&quot;jet_parallax_layout_list&quot;:[],&quot;_ha_eqh_enable&quot;:false}\">\n\t\t\t\t\t\t<div class=\"elementor-container elementor-column-gap-default\">\n\t\t\t\t\t<div class=\"elementor-column elementor-col-100 elementor-inner-column elementor-element elementor-element-2ba3f76\" data-id=\"2ba3f76\" data-element_type=\"column\" data-e-type=\"column\">\n\t\t\t<div class=\"elementor-widget-wrap elementor-element-populated\">\n\t\t\t\t\t\t<div class=\"elementor-element elementor-element-d2e39a7 elementor-widget elementor-widget-heading\" data-id=\"d2e39a7\" data-element_type=\"widget\" data-e-type=\"widget\" data-widget_type=\"heading.default\">\n\t\t\t\t\t<h2 class=\"elementor-heading-title elementor-size-default\">1- Aceptaci\u00f3n del Acuerdo<\/h2>\t\t\t\t<\/div>\n\t\t\t\t<div class=\"elementor-element elementor-element-6085723 elementor-widget elementor-widget-text-editor\" data-id=\"6085723\" data-element_type=\"widget\" data-e-type=\"widget\" data-widget_type=\"text-editor.default\">\n\t\t\t\t\t\t\t\t\t<p>Al acceder, registrarse, navegar o utilizar cualquier funcionalidad de nuestro sitio web, aceptas estar legalmente vinculado por estos t\u00e9rminos, as\u00ed como por la Pol\u00edtica de Privacidad y cualquier otra pol\u00edtica complementaria publicada en el Sitio.<\/p>\t\t\t\t\t\t\t\t<\/div>\n\t\t\t\t<div class=\"elementor-element elementor-element-e19b956 elementor-widget elementor-widget-spacer\" data-id=\"e19b956\" data-element_type=\"widget\" data-e-type=\"widget\" data-widget_type=\"spacer.default\">\n\t\t\t\t\t\t\t<div class=\"elementor-spacer\">\n\t\t\t<div class=\"elementor-spacer-inner\"><\/div>\n\t\t<\/div>\n\t\t\t\t\t\t<\/div>\n\t\t\t\t<div class=\"elementor-element elementor-element-3a24e22 elementor-widget elementor-widget-heading\" data-id=\"3a24e22\" data-element_type=\"widget\" data-e-type=\"widget\" data-widget_type=\"heading.default\">\n\t\t\t\t\t<h2 class=\"elementor-heading-title elementor-size-default\">2- Requisitos de Uso<\/h2>\t\t\t\t<\/div>\n\t\t\t\t<div class=\"elementor-element elementor-element-32c202c elementor-widget elementor-widget-text-editor\" data-id=\"32c202c\" data-element_type=\"widget\" data-e-type=\"widget\" data-widget_type=\"text-editor.default\">\n\t\t\t\t\t\t\t\t\t<p>El uso de este Sitio est\u00e1 disponible \u00fanicamente para personas naturales o jur\u00eddicas que tengan capacidad legal para celebrar contratos y aceptar estos t\u00e9rminos. Usuarios menores de edad o personas sin capacidad legal no est\u00e1n autorizados a utilizar la plataforma.<\/p>\t\t\t\t\t\t\t\t<\/div>\n\t\t\t\t<div class=\"elementor-element elementor-element-2cf6b63 elementor-widget elementor-widget-spacer\" data-id=\"2cf6b63\" data-element_type=\"widget\" data-e-type=\"widget\" data-widget_type=\"spacer.default\">\n\t\t\t\t\t\t\t<div class=\"elementor-spacer\">\n\t\t\t<div class=\"elementor-spacer-inner\"><\/div>\n\t\t<\/div>\n\t\t\t\t\t\t<\/div>\n\t\t\t\t<div class=\"elementor-element elementor-element-488734a elementor-widget elementor-widget-heading\" data-id=\"488734a\" data-element_type=\"widget\" data-e-type=\"widget\" data-widget_type=\"heading.default\">\n\t\t\t\t\t<h3 class=\"elementor-heading-title elementor-size-default\">3- Registro y Cuenta<\/h3>\t\t\t\t<\/div>\n\t\t\t\t<div class=\"elementor-element elementor-element-3ccfed9 elementor-widget elementor-widget-text-editor\" data-id=\"3ccfed9\" data-element_type=\"widget\" data-e-type=\"widget\" data-widget_type=\"text-editor.default\">\n\t\t\t\t\t\t\t\t\t<p>Para acceder a ciertas funciones del Sitio, deber\u00e1s registrarte y crear una cuenta. T\u00fa eres responsable de mantener la confidencialidad de tus credenciales, y aceptas notificar de inmediato cualquier acceso no autorizado a tu cuenta.<\/p>\t\t\t\t\t\t\t\t<\/div>\n\t\t\t\t<div class=\"elementor-element elementor-element-f898482 elementor-widget elementor-widget-spacer\" data-id=\"f898482\" data-element_type=\"widget\" data-e-type=\"widget\" data-widget_type=\"spacer.default\">\n\t\t\t\t\t\t\t<div class=\"elementor-spacer\">\n\t\t\t<div class=\"elementor-spacer-inner\"><\/div>\n\t\t<\/div>\n\t\t\t\t\t\t<\/div>\n\t\t\t\t<div class=\"elementor-element elementor-element-395af2b elementor-widget elementor-widget-heading\" data-id=\"395af2b\" data-element_type=\"widget\" data-e-type=\"widget\" data-widget_type=\"heading.default\">\n\t\t\t\t\t<h3 class=\"elementor-heading-title elementor-size-default\">4- Conducta del Usuario<\/h3>\t\t\t\t<\/div>\n\t\t\t\t<div class=\"elementor-element elementor-element-2568541 elementor-widget elementor-widget-text-editor\" data-id=\"2568541\" data-element_type=\"widget\" data-e-type=\"widget\" data-widget_type=\"text-editor.default\">\n\t\t\t\t\t\t\t\t\t<p>Aceptas utilizar el Sitio de manera \u00e9tica, legal y conforme a las leyes aplicables. Est\u00e1 prohibido publicar informaci\u00f3n falsa, infringir derechos de terceros, utilizar el Sitio para actividades il\u00edcitas o interferir en el funcionamiento del Sitio.<\/p>\t\t\t\t\t\t\t\t<\/div>\n\t\t\t\t<div class=\"elementor-element elementor-element-c0dfd59 elementor-widget elementor-widget-heading\" data-id=\"c0dfd59\" data-element_type=\"widget\" data-e-type=\"widget\" data-widget_type=\"heading.default\">\n\t\t\t\t\t<h3 class=\"elementor-heading-title elementor-size-default\">5- Cambios en los T\u00e9rminos<\/h3>\t\t\t\t<\/div>\n\t\t\t\t<div class=\"elementor-element elementor-element-539cb7c elementor-widget elementor-widget-text-editor\" data-id=\"539cb7c\" data-element_type=\"widget\" data-e-type=\"widget\" data-widget_type=\"text-editor.default\">\n\t\t\t\t\t\t\t\t\t<p>Legal Hub Nicaragua puede modificar estos T\u00e9rminos en cualquier momento. Las modificaciones entrar\u00e1n en vigor al ser publicadas en el Sitio, y tu uso continuado constituir\u00e1 aceptaci\u00f3n de los cambios.<\/p>\t\t\t\t\t\t\t\t<\/div>\n\t\t\t\t<div class=\"elementor-element elementor-element-9c5b018 elementor-widget elementor-widget-heading\" data-id=\"9c5b018\" data-element_type=\"widget\" data-e-type=\"widget\" data-widget_type=\"heading.default\">\n\t\t\t\t\t<h3 class=\"elementor-heading-title elementor-size-default\">6- Ley Aplicable y Jurisdicci\u00f3n<\/h3>\t\t\t\t<\/div>\n\t\t\t\t<div class=\"elementor-element elementor-element-b7b78d5 elementor-widget elementor-widget-text-editor\" data-id=\"b7b78d5\" data-element_type=\"widget\" data-e-type=\"widget\" data-widget_type=\"text-editor.default\">\n\t\t\t\t\t\t\t\t\t<p>Estos T\u00e9rminos se regir\u00e1n e interpretar\u00e1n de acuerdo con las leyes de la Rep\u00fablica de Nicaragua. Cualquier disputa ser\u00e1 sometida a los tribunales competentes de este pa\u00eds.<\/p>\t\t\t\t\t\t\t\t<\/div>\n\t\t\t\t\t<\/div>\n\t\t<\/div>\n\t\t\t\t\t<\/div>\n\t\t<\/section>\n\t\t\t\t\t<\/div>\n\t\t<\/div>\n\t\t\t\t\t<\/div>\n\t\t<\/section>\n\t\t\t\t<\/div>","protected":false},"excerpt":{"rendered":"<p>T\u00e9rminos y Condiciones de Uso Bienvenido a\u00a0Legal Hub Nicaragua.\u00a0Estos T\u00e9rminos y Condiciones establecen las normas que regulan tu acceso y uso de nuestros servicios, as\u00ed como los derechos y obligaciones entre t\u00fa (el Usuario) y Legal Hub Nicaragua (el Sitio). 1- Aceptaci\u00f3n del Acuerdo Al acceder, registrarse, navegar o utilizar cualquier funcionalidad de nuestro sitio [&hellip;]<\/p>\n","protected":false},"author":1,"featured_media":0,"parent":0,"menu_order":0,"comment_status":"closed","ping_status":"closed","template":"elementor_header_footer","meta":{"_acf_changed":false,"footnotes":""},"class_list":["post-2300","page","type-page","status-publish","hentry"],"acf":[],"yoast_head":"<!-- This site is optimized with the Yoast SEO plugin v27.1.1 - https:\/\/yoast.com\/product\/yoast-seo-wordpress\/ -->\n<title>T\u00e9rminos y Condiciones de Uso - LegalHub<\/title>\n<meta name=\"description\" content=\"Normas que regulan tu acceso y uso de nuestros servicios, as\u00ed como los derechos y obligaciones.\" \/>\n<meta name=\"robots\" content=\"index, follow, max-snippet:-1, max-image-preview:large, max-video-preview:-1\" \/>\n<link rel=\"canonical\" href=\"https:\/\/legalhub2.goldendigitalgroup.co\/es\/terminos-y-condiciones-de-uso\/\" \/>\n<meta property=\"og:locale\" content=\"es_MX\" \/>\n<meta property=\"og:type\" content=\"article\" \/>\n<meta property=\"og:title\" content=\"T\u00e9rminos y Condiciones de Uso - LegalHub\" \/>\n<meta property=\"og:description\" content=\"Normas que regulan tu acceso y uso de nuestros servicios, as\u00ed como los derechos y obligaciones.\" \/>\n<meta property=\"og:url\" content=\"https:\/\/legalhub2.goldendigitalgroup.co\/es\/terminos-y-condiciones-de-uso\/\" \/>\n<meta property=\"og:site_name\" content=\"LegalHub\" \/>\n<meta property=\"article:modified_time\" content=\"2026-03-06T20:36:46+00:00\" \/>\n<meta name=\"twitter:card\" content=\"summary_large_image\" \/>\n<meta name=\"twitter:label1\" content=\"Tiempo de lectura\" \/>\n\t<meta name=\"twitter:data1\" content=\"2 minutos\" \/>\n<script type=\"application\/ld+json\" class=\"yoast-schema-graph\">{\"@context\":\"https:\/\/schema.org\",\"@graph\":[{\"@type\":\"WebPage\",\"@id\":\"https:\/\/legalhub2.goldendigitalgroup.co\/terminos-y-condiciones-de-uso\/\",\"url\":\"https:\/\/legalhub2.goldendigitalgroup.co\/terminos-y-condiciones-de-uso\/\",\"name\":\"T\u00e9rminos y Condiciones de Uso - LegalHub\",\"isPartOf\":{\"@id\":\"https:\/\/legalhub2.goldendigitalgroup.co\/#website\"},\"datePublished\":\"2026-03-06T20:33:33+00:00\",\"dateModified\":\"2026-03-06T20:36:46+00:00\",\"description\":\"Normas que regulan tu acceso y uso de nuestros servicios, as\u00ed como los derechos y obligaciones.\",\"breadcrumb\":{\"@id\":\"https:\/\/legalhub2.goldendigitalgroup.co\/terminos-y-condiciones-de-uso\/#breadcrumb\"},\"inLanguage\":\"es\",\"potentialAction\":[{\"@type\":\"ReadAction\",\"target\":[\"https:\/\/legalhub2.goldendigitalgroup.co\/terminos-y-condiciones-de-uso\/\"]}]},{\"@type\":\"BreadcrumbList\",\"@id\":\"https:\/\/legalhub2.goldendigitalgroup.co\/terminos-y-condiciones-de-uso\/#breadcrumb\",\"itemListElement\":[{\"@type\":\"ListItem\",\"position\":1,\"name\":\"Inicio\",\"item\":\"https:\/\/legalhub2.goldendigitalgroup.co\/\"},{\"@type\":\"ListItem\",\"position\":2,\"name\":\"T\u00e9rminos y Condiciones de Uso\"}]},{\"@type\":\"WebSite\",\"@id\":\"https:\/\/legalhub2.goldendigitalgroup.co\/#website\",\"url\":\"https:\/\/legalhub2.goldendigitalgroup.co\/\",\"name\":\"LegalHub\",\"description\":\"Directorio Legal en Nicaragua\",\"potentialAction\":[{\"@type\":\"SearchAction\",\"target\":{\"@type\":\"EntryPoint\",\"urlTemplate\":\"https:\/\/legalhub2.goldendigitalgroup.co\/?s={search_term_string}\"},\"query-input\":{\"@type\":\"PropertyValueSpecification\",\"valueRequired\":true,\"valueName\":\"search_term_string\"}}],\"inLanguage\":\"es\"}]}<\/script>\n<!-- \/ Yoast SEO plugin. -->","yoast_head_json":{"title":"T\u00e9rminos y Condiciones de Uso - LegalHub","description":"Normas que regulan tu acceso y uso de nuestros servicios, as\u00ed como los derechos y obligaciones.","robots":{"index":"index","follow":"follow","max-snippet":"max-snippet:-1","max-image-preview":"max-image-preview:large","max-video-preview":"max-video-preview:-1"},"canonical":"https:\/\/legalhub2.goldendigitalgroup.co\/es\/terminos-y-condiciones-de-uso\/","og_locale":"es_MX","og_type":"article","og_title":"T\u00e9rminos y Condiciones de Uso - LegalHub","og_description":"Normas que regulan tu acceso y uso de nuestros servicios, as\u00ed como los derechos y obligaciones.","og_url":"https:\/\/legalhub2.goldendigitalgroup.co\/es\/terminos-y-condiciones-de-uso\/","og_site_name":"LegalHub","article_modified_time":"2026-03-06T20:36:46+00:00","twitter_card":"summary_large_image","twitter_misc":{"Tiempo de lectura":"2 minutos"},"schema":{"@context":"https:\/\/schema.org","@graph":[{"@type":"WebPage","@id":"https:\/\/legalhub2.goldendigitalgroup.co\/terminos-y-condiciones-de-uso\/","url":"https:\/\/legalhub2.goldendigitalgroup.co\/terminos-y-condiciones-de-uso\/","name":"T\u00e9rminos y Condiciones de Uso - LegalHub","isPartOf":{"@id":"https:\/\/legalhub2.goldendigitalgroup.co\/#website"},"datePublished":"2026-03-06T20:33:33+00:00","dateModified":"2026-03-06T20:36:46+00:00","description":"Normas que regulan tu acceso y uso de nuestros servicios, as\u00ed como los derechos y obligaciones.","breadcrumb":{"@id":"https:\/\/legalhub2.goldendigitalgroup.co\/terminos-y-condiciones-de-uso\/#breadcrumb"},"inLanguage":"es","potentialAction":[{"@type":"ReadAction","target":["https:\/\/legalhub2.goldendigitalgroup.co\/terminos-y-condiciones-de-uso\/"]}]},{"@type":"BreadcrumbList","@id":"https:\/\/legalhub2.goldendigitalgroup.co\/terminos-y-condiciones-de-uso\/#breadcrumb","itemListElement":[{"@type":"ListItem","position":1,"name":"Inicio","item":"https:\/\/legalhub2.goldendigitalgroup.co\/"},{"@type":"ListItem","position":2,"name":"T\u00e9rminos y Condiciones de Uso"}]},{"@type":"WebSite","@id":"https:\/\/legalhub2.goldendigitalgroup.co\/#website","url":"https:\/\/legalhub2.goldendigitalgroup.co\/","name":"LegalHub","description":"Directorio Legal en Nicaragua","potentialAction":[{"@type":"SearchAction","target":{"@type":"EntryPoint","urlTemplate":"https:\/\/legalhub2.goldendigitalgroup.co\/?s={search_term_string}"},"query-input":{"@type":"PropertyValueSpecification","valueRequired":true,"valueName":"search_term_string"}}],"inLanguage":"es"}]}},"_links":{"self":[{"href":"https:\/\/legalhub2.goldendigitalgroup.co\/es\/wp-json\/wp\/v2\/pages\/2300","targetHints":{"allow":["GET"]}}],"collection":[{"href":"https:\/\/legalhub2.goldendigitalgroup.co\/es\/wp-json\/wp\/v2\/pages"}],"about":[{"href":"https:\/\/legalhub2.goldendigitalgroup.co\/es\/wp-json\/wp\/v2\/types\/page"}],"author":[{"embeddable":true,"href":"https:\/\/legalhub2.goldendigitalgroup.co\/es\/wp-json\/wp\/v2\/users\/1"}],"replies":[{"embeddable":true,"href":"https:\/\/legalhub2.goldendigitalgroup.co\/es\/wp-json\/wp\/v2\/comments?post=2300"}],"version-history":[{"count":4,"href":"https:\/\/legalhub2.goldendigitalgroup.co\/es\/wp-json\/wp\/v2\/pages\/2300\/revisions"}],"predecessor-version":[{"id":2304,"href":"https:\/\/legalhub2.goldendigitalgroup.co\/es\/wp-json\/wp\/v2\/pages\/2300\/revisions\/2304"}],"wp:attachment":[{"href":"https:\/\/legalhub2.goldendigitalgroup.co\/es\/wp-json\/wp\/v2\/media?parent=2300"}],"curies":[{"name":"wp","href":"https:\/\/api.w.org\/{rel}","templated":true}]}}