{"id":2290,"date":"2026-03-06T20:25:34","date_gmt":"2026-03-06T20:25:34","guid":{"rendered":"https:\/\/legalhub2.goldendigitalgroup.co\/?page_id=2290"},"modified":"2026-03-06T20:30:43","modified_gmt":"2026-03-06T20:30:43","slug":"politica-de-privacidad","status":"publish","type":"page","link":"https:\/\/legalhub2.goldendigitalgroup.co\/es\/politica-de-privacidad\/","title":{"rendered":"Pol\u00edtica de Privacidad"},"content":{"rendered":"<div data-elementor-type=\"wp-page\" data-elementor-id=\"2290\" class=\"elementor elementor-2290\" data-elementor-settings=\"{&quot;ha_cmc_init_switcher&quot;:&quot;no&quot;}\" data-elementor-post-type=\"page\">\n\t\t\t\t\t\t<section class=\"elementor-section elementor-top-section elementor-element elementor-element-b6da373 elementor-section-content-middle elementor-section-boxed elementor-section-height-default elementor-section-height-default\" data-id=\"b6da373\" data-element_type=\"section\" data-e-type=\"section\" data-settings=\"{&quot;jet_parallax_layout_list&quot;:[],&quot;background_background&quot;:&quot;classic&quot;,&quot;_ha_eqh_enable&quot;:false}\">\n\t\t\t\t\t\t\t<div class=\"elementor-background-overlay\"><\/div>\n\t\t\t\t\t\t\t<div class=\"elementor-container elementor-column-gap-default\">\n\t\t\t\t\t<div class=\"elementor-column elementor-col-100 elementor-top-column elementor-element elementor-element-9ae386c\" data-id=\"9ae386c\" data-element_type=\"column\" data-e-type=\"column\">\n\t\t\t<div class=\"elementor-widget-wrap elementor-element-populated\">\n\t\t\t\t\t\t<section class=\"elementor-section elementor-inner-section elementor-element elementor-element-4dacd71 elementor-section-boxed elementor-section-height-default elementor-section-height-default\" data-id=\"4dacd71\" data-element_type=\"section\" data-e-type=\"section\" data-settings=\"{&quot;jet_parallax_layout_list&quot;:[],&quot;_ha_eqh_enable&quot;:false}\">\n\t\t\t\t\t\t<div class=\"elementor-container elementor-column-gap-default\">\n\t\t\t\t\t<div class=\"elementor-column elementor-col-100 elementor-inner-column elementor-element elementor-element-e736a05\" data-id=\"e736a05\" data-element_type=\"column\" data-e-type=\"column\">\n\t\t\t<div class=\"elementor-widget-wrap elementor-element-populated\">\n\t\t\t\t\t\t<div class=\"elementor-element elementor-element-6129bfc elementor-widget elementor-widget-heading\" data-id=\"6129bfc\" data-element_type=\"widget\" data-e-type=\"widget\" data-widget_type=\"heading.default\">\n\t\t\t\t\t<h2 class=\"elementor-heading-title elementor-size-default\">Pol\u00edtica de Privacidad\n<\/h2>\t\t\t\t<\/div>\n\t\t\t\t\t<\/div>\n\t\t<\/div>\n\t\t\t\t\t<\/div>\n\t\t<\/section>\n\t\t\t\t\t<\/div>\n\t\t<\/div>\n\t\t\t\t\t<\/div>\n\t\t<\/section>\n\t\t\t\t<section class=\"elementor-section elementor-top-section elementor-element elementor-element-0b2262f elementor-section-content-middle elementor-section-boxed elementor-section-height-default elementor-section-height-default\" data-id=\"0b2262f\" data-element_type=\"section\" data-e-type=\"section\" data-settings=\"{&quot;jet_parallax_layout_list&quot;:[],&quot;_ha_eqh_enable&quot;:false}\">\n\t\t\t\t\t\t<div class=\"elementor-container elementor-column-gap-default\">\n\t\t\t\t\t<div class=\"elementor-column elementor-col-100 elementor-top-column elementor-element elementor-element-af9e832\" data-id=\"af9e832\" data-element_type=\"column\" data-e-type=\"column\">\n\t\t\t<div class=\"elementor-widget-wrap elementor-element-populated\">\n\t\t\t\t\t\t<div class=\"elementor-element elementor-element-577c325 elementor-widget elementor-widget-text-editor\" data-id=\"577c325\" data-element_type=\"widget\" data-e-type=\"widget\" data-widget_type=\"text-editor.default\">\n\t\t\t\t\t\t\t\t\t<p>En\u00a0<b>Legal Hub Nicaragua,\u00a0<\/b>tu privacidad es fundamental. Esta Pol\u00edtica describe c\u00f3mo recopilamos, usamos, almacenamos y protegemos tu informaci\u00f3n personal cuando utilizas nuestra plataforma.<\/p>\t\t\t\t\t\t\t\t<\/div>\n\t\t\t\t<section class=\"elementor-section elementor-inner-section elementor-element elementor-element-937301c elementor-section-content-middle elementor-section-boxed elementor-section-height-default elementor-section-height-default\" data-id=\"937301c\" data-element_type=\"section\" data-e-type=\"section\" data-settings=\"{&quot;jet_parallax_layout_list&quot;:[],&quot;_ha_eqh_enable&quot;:false}\">\n\t\t\t\t\t\t<div class=\"elementor-container elementor-column-gap-default\">\n\t\t\t\t\t<div class=\"elementor-column elementor-col-100 elementor-inner-column elementor-element elementor-element-38529b1\" data-id=\"38529b1\" data-element_type=\"column\" data-e-type=\"column\">\n\t\t\t<div class=\"elementor-widget-wrap elementor-element-populated\">\n\t\t\t\t\t\t<div class=\"elementor-element elementor-element-7a5cb17 elementor-widget elementor-widget-heading\" data-id=\"7a5cb17\" data-element_type=\"widget\" data-e-type=\"widget\" data-widget_type=\"heading.default\">\n\t\t\t\t\t<h2 class=\"elementor-heading-title elementor-size-default\">1- Informaci\u00f3n Recopilada<\/h2>\t\t\t\t<\/div>\n\t\t\t\t<div class=\"elementor-element elementor-element-4bdbcfe elementor-widget elementor-widget-text-editor\" data-id=\"4bdbcfe\" data-element_type=\"widget\" data-e-type=\"widget\" data-widget_type=\"text-editor.default\">\n\t\t\t\t\t\t\t\t\t<p>Podemos recopilar los siguientes datos cuando interact\u00faas con nuestro Sitio:<\/p><ul><li>Nombre, correo electr\u00f3nico, n\u00famero de tel\u00e9fono and datos de perfil profesional.<\/li><li>Datos de uso y actividad dentro de la plataforma.<\/li><li>Informaci\u00f3n t\u00e9cnica, como direcci\u00f3n IP y datos de navegaci\u00f3n.<\/li><\/ul>\t\t\t\t\t\t\t\t<\/div>\n\t\t\t\t<div class=\"elementor-element elementor-element-3037cbc elementor-widget elementor-widget-spacer\" data-id=\"3037cbc\" data-element_type=\"widget\" data-e-type=\"widget\" data-widget_type=\"spacer.default\">\n\t\t\t\t\t\t\t<div class=\"elementor-spacer\">\n\t\t\t<div class=\"elementor-spacer-inner\"><\/div>\n\t\t<\/div>\n\t\t\t\t\t\t<\/div>\n\t\t\t\t<div class=\"elementor-element elementor-element-9204a56 elementor-widget elementor-widget-heading\" data-id=\"9204a56\" data-element_type=\"widget\" data-e-type=\"widget\" data-widget_type=\"heading.default\">\n\t\t\t\t\t<h2 class=\"elementor-heading-title elementor-size-default\">2- Uso de la Informaci\u00f3n<\/h2>\t\t\t\t<\/div>\n\t\t\t\t<div class=\"elementor-element elementor-element-07ce2c2 elementor-widget elementor-widget-text-editor\" data-id=\"07ce2c2\" data-element_type=\"widget\" data-e-type=\"widget\" data-widget_type=\"text-editor.default\">\n\t\t\t\t\t\t\t\t\t<p>La informaci\u00f3n que recopilamos se utiliza para:<\/p><ul><li>Proveer y mejorar nuestros servicios.<\/li><li>Permitir que otros usuarios encuentren tu perfil profesional.<\/li><li>Personalizar tu experiencia dentro del Sitio.<\/li><li>Contactarte cuando sea necesario sobre actualizaciones o servicios.<\/li><\/ul>\t\t\t\t\t\t\t\t<\/div>\n\t\t\t\t<div class=\"elementor-element elementor-element-64149c2 elementor-widget elementor-widget-spacer\" data-id=\"64149c2\" data-element_type=\"widget\" data-e-type=\"widget\" data-widget_type=\"spacer.default\">\n\t\t\t\t\t\t\t<div class=\"elementor-spacer\">\n\t\t\t<div class=\"elementor-spacer-inner\"><\/div>\n\t\t<\/div>\n\t\t\t\t\t\t<\/div>\n\t\t\t\t<div class=\"elementor-element elementor-element-8b0e6fa elementor-widget elementor-widget-heading\" data-id=\"8b0e6fa\" data-element_type=\"widget\" data-e-type=\"widget\" data-widget_type=\"heading.default\">\n\t\t\t\t\t<h3 class=\"elementor-heading-title elementor-size-default\">3- Protecci\u00f3n de Datos<\/h3>\t\t\t\t<\/div>\n\t\t\t\t<div class=\"elementor-element elementor-element-599bb44 elementor-widget elementor-widget-text-editor\" data-id=\"599bb44\" data-element_type=\"widget\" data-e-type=\"widget\" data-widget_type=\"text-editor.default\">\n\t\t\t\t\t\t\t\t\t<p>Adoptamos medidas t\u00e9cnicas y administrativas apropiadas para proteger tu informaci\u00f3n personal contra acceso no autorizado, alteraci\u00f3n o divulgaci\u00f3n.<\/p>\t\t\t\t\t\t\t\t<\/div>\n\t\t\t\t<div class=\"elementor-element elementor-element-bad4fc1 elementor-widget elementor-widget-spacer\" data-id=\"bad4fc1\" data-element_type=\"widget\" data-e-type=\"widget\" data-widget_type=\"spacer.default\">\n\t\t\t\t\t\t\t<div class=\"elementor-spacer\">\n\t\t\t<div class=\"elementor-spacer-inner\"><\/div>\n\t\t<\/div>\n\t\t\t\t\t\t<\/div>\n\t\t\t\t<div class=\"elementor-element elementor-element-6e1f26d elementor-widget elementor-widget-heading\" data-id=\"6e1f26d\" data-element_type=\"widget\" data-e-type=\"widget\" data-widget_type=\"heading.default\">\n\t\t\t\t\t<h3 class=\"elementor-heading-title elementor-size-default\">4- Compartir Informaci\u00f3n con Terceros<\/h3>\t\t\t\t<\/div>\n\t\t\t\t<div class=\"elementor-element elementor-element-3e29d51 elementor-widget elementor-widget-text-editor\" data-id=\"3e29d51\" data-element_type=\"widget\" data-e-type=\"widget\" data-widget_type=\"text-editor.default\">\n\t\t\t\t\t\t\t\t\t<p>No vendemos tus datos personales a terceros. Podemos compartir informaci\u00f3n \u00fanicamente para cumplir con una obligaci\u00f3n legal o para proteger nuestros derechos, propiedad o seguridad.<\/p>\t\t\t\t\t\t\t\t<\/div>\n\t\t\t\t<div class=\"elementor-element elementor-element-627c35d elementor-widget elementor-widget-heading\" data-id=\"627c35d\" data-element_type=\"widget\" data-e-type=\"widget\" data-widget_type=\"heading.default\">\n\t\t\t\t\t<h3 class=\"elementor-heading-title elementor-size-default\">5- Cooperaci\u00f3n con Autoridades<\/h3>\t\t\t\t<\/div>\n\t\t\t\t<div class=\"elementor-element elementor-element-442f895 elementor-widget elementor-widget-text-editor\" data-id=\"442f895\" data-element_type=\"widget\" data-e-type=\"widget\" data-widget_type=\"text-editor.default\">\n\t\t\t\t\t\t\t\t\t<p>Podemos divulgar informaci\u00f3n cuando sea requerido por autoridades judiciales, administrativas o reguladoras, siempre que la ley lo exija.<\/p>\t\t\t\t\t\t\t\t<\/div>\n\t\t\t\t<div class=\"elementor-element elementor-element-6e25934 elementor-widget elementor-widget-heading\" data-id=\"6e25934\" data-element_type=\"widget\" data-e-type=\"widget\" data-widget_type=\"heading.default\">\n\t\t\t\t\t<h3 class=\"elementor-heading-title elementor-size-default\">6- Consentimiento<\/h3>\t\t\t\t<\/div>\n\t\t\t\t\t<\/div>\n\t\t<\/div>\n\t\t\t\t\t<\/div>\n\t\t<\/section>\n\t\t\t\t<div class=\"elementor-element elementor-element-e83db28 elementor-widget elementor-widget-text-editor\" data-id=\"e83db28\" data-element_type=\"widget\" data-e-type=\"widget\" data-widget_type=\"text-editor.default\">\n\t\t\t\t\t\t\t\t\t<p>Al utilizar nuestro Sitio, aceptas la recopilaci\u00f3n y uso de tus datos conforme a lo establecido en esta Pol\u00edtica de Privacidad.<\/p>\t\t\t\t\t\t\t\t<\/div>\n\t\t\t\t\t<\/div>\n\t\t<\/div>\n\t\t\t\t\t<\/div>\n\t\t<\/section>\n\t\t\t\t<\/div>","protected":false},"excerpt":{"rendered":"<p>Pol\u00edtica de Privacidad En\u00a0Legal Hub Nicaragua,\u00a0tu privacidad es fundamental. Esta Pol\u00edtica describe c\u00f3mo recopilamos, usamos, almacenamos y protegemos tu informaci\u00f3n personal cuando utilizas nuestra plataforma. 1- Informaci\u00f3n Recopilada Podemos recopilar los siguientes datos cuando interact\u00faas con nuestro Sitio: Nombre, correo electr\u00f3nico, n\u00famero de tel\u00e9fono and datos de perfil profesional. Datos de uso y actividad dentro [&hellip;]<\/p>\n","protected":false},"author":1,"featured_media":0,"parent":0,"menu_order":0,"comment_status":"closed","ping_status":"closed","template":"elementor_header_footer","meta":{"_acf_changed":false,"footnotes":""},"class_list":["post-2290","page","type-page","status-publish","hentry"],"acf":[],"yoast_head":"<!-- This site is optimized with the Yoast SEO plugin v27.1.1 - https:\/\/yoast.com\/product\/yoast-seo-wordpress\/ -->\n<title>Pol\u00edtica de Privacidad - LegalHub<\/title>\n<meta name=\"description\" content=\"Normas que regulan tu acceso y uso de nuestros servicios, as\u00ed como los derechos y obligaciones.\" \/>\n<meta name=\"robots\" content=\"index, follow, max-snippet:-1, max-image-preview:large, max-video-preview:-1\" \/>\n<link rel=\"canonical\" href=\"https:\/\/legalhub2.goldendigitalgroup.co\/es\/politica-de-privacidad\/\" \/>\n<meta property=\"og:locale\" content=\"es_MX\" \/>\n<meta property=\"og:type\" content=\"article\" \/>\n<meta property=\"og:title\" content=\"Pol\u00edtica de Privacidad - LegalHub\" \/>\n<meta property=\"og:description\" content=\"Normas que regulan tu acceso y uso de nuestros servicios, as\u00ed como los derechos y obligaciones.\" \/>\n<meta property=\"og:url\" content=\"https:\/\/legalhub2.goldendigitalgroup.co\/es\/politica-de-privacidad\/\" \/>\n<meta property=\"og:site_name\" content=\"LegalHub\" \/>\n<meta property=\"article:modified_time\" content=\"2026-03-06T20:30:43+00:00\" \/>\n<meta name=\"twitter:card\" content=\"summary_large_image\" \/>\n<meta name=\"twitter:label1\" content=\"Tiempo de lectura\" \/>\n\t<meta name=\"twitter:data1\" content=\"1 minuto\" \/>\n<script type=\"application\/ld+json\" class=\"yoast-schema-graph\">{\"@context\":\"https:\/\/schema.org\",\"@graph\":[{\"@type\":\"WebPage\",\"@id\":\"https:\/\/legalhub2.goldendigitalgroup.co\/politica-de-privacidad\/\",\"url\":\"https:\/\/legalhub2.goldendigitalgroup.co\/politica-de-privacidad\/\",\"name\":\"Pol\u00edtica de Privacidad - LegalHub\",\"isPartOf\":{\"@id\":\"https:\/\/legalhub2.goldendigitalgroup.co\/#website\"},\"datePublished\":\"2026-03-06T20:25:34+00:00\",\"dateModified\":\"2026-03-06T20:30:43+00:00\",\"description\":\"Normas que regulan tu acceso y uso de nuestros servicios, as\u00ed como los derechos y obligaciones.\",\"breadcrumb\":{\"@id\":\"https:\/\/legalhub2.goldendigitalgroup.co\/politica-de-privacidad\/#breadcrumb\"},\"inLanguage\":\"es\",\"potentialAction\":[{\"@type\":\"ReadAction\",\"target\":[\"https:\/\/legalhub2.goldendigitalgroup.co\/politica-de-privacidad\/\"]}]},{\"@type\":\"BreadcrumbList\",\"@id\":\"https:\/\/legalhub2.goldendigitalgroup.co\/politica-de-privacidad\/#breadcrumb\",\"itemListElement\":[{\"@type\":\"ListItem\",\"position\":1,\"name\":\"Inicio\",\"item\":\"https:\/\/legalhub2.goldendigitalgroup.co\/\"},{\"@type\":\"ListItem\",\"position\":2,\"name\":\"Pol\u00edtica de Privacidad\"}]},{\"@type\":\"WebSite\",\"@id\":\"https:\/\/legalhub2.goldendigitalgroup.co\/#website\",\"url\":\"https:\/\/legalhub2.goldendigitalgroup.co\/\",\"name\":\"LegalHub\",\"description\":\"Directorio Legal en Nicaragua\",\"potentialAction\":[{\"@type\":\"SearchAction\",\"target\":{\"@type\":\"EntryPoint\",\"urlTemplate\":\"https:\/\/legalhub2.goldendigitalgroup.co\/?s={search_term_string}\"},\"query-input\":{\"@type\":\"PropertyValueSpecification\",\"valueRequired\":true,\"valueName\":\"search_term_string\"}}],\"inLanguage\":\"es\"}]}<\/script>\n<!-- \/ Yoast SEO plugin. -->","yoast_head_json":{"title":"Pol\u00edtica de Privacidad - LegalHub","description":"Normas que regulan tu acceso y uso de nuestros servicios, as\u00ed como los derechos y obligaciones.","robots":{"index":"index","follow":"follow","max-snippet":"max-snippet:-1","max-image-preview":"max-image-preview:large","max-video-preview":"max-video-preview:-1"},"canonical":"https:\/\/legalhub2.goldendigitalgroup.co\/es\/politica-de-privacidad\/","og_locale":"es_MX","og_type":"article","og_title":"Pol\u00edtica de Privacidad - LegalHub","og_description":"Normas que regulan tu acceso y uso de nuestros servicios, as\u00ed como los derechos y obligaciones.","og_url":"https:\/\/legalhub2.goldendigitalgroup.co\/es\/politica-de-privacidad\/","og_site_name":"LegalHub","article_modified_time":"2026-03-06T20:30:43+00:00","twitter_card":"summary_large_image","twitter_misc":{"Tiempo de lectura":"1 minuto"},"schema":{"@context":"https:\/\/schema.org","@graph":[{"@type":"WebPage","@id":"https:\/\/legalhub2.goldendigitalgroup.co\/politica-de-privacidad\/","url":"https:\/\/legalhub2.goldendigitalgroup.co\/politica-de-privacidad\/","name":"Pol\u00edtica de Privacidad - LegalHub","isPartOf":{"@id":"https:\/\/legalhub2.goldendigitalgroup.co\/#website"},"datePublished":"2026-03-06T20:25:34+00:00","dateModified":"2026-03-06T20:30:43+00:00","description":"Normas que regulan tu acceso y uso de nuestros servicios, as\u00ed como los derechos y obligaciones.","breadcrumb":{"@id":"https:\/\/legalhub2.goldendigitalgroup.co\/politica-de-privacidad\/#breadcrumb"},"inLanguage":"es","potentialAction":[{"@type":"ReadAction","target":["https:\/\/legalhub2.goldendigitalgroup.co\/politica-de-privacidad\/"]}]},{"@type":"BreadcrumbList","@id":"https:\/\/legalhub2.goldendigitalgroup.co\/politica-de-privacidad\/#breadcrumb","itemListElement":[{"@type":"ListItem","position":1,"name":"Inicio","item":"https:\/\/legalhub2.goldendigitalgroup.co\/"},{"@type":"ListItem","position":2,"name":"Pol\u00edtica de Privacidad"}]},{"@type":"WebSite","@id":"https:\/\/legalhub2.goldendigitalgroup.co\/#website","url":"https:\/\/legalhub2.goldendigitalgroup.co\/","name":"LegalHub","description":"Directorio Legal en Nicaragua","potentialAction":[{"@type":"SearchAction","target":{"@type":"EntryPoint","urlTemplate":"https:\/\/legalhub2.goldendigitalgroup.co\/?s={search_term_string}"},"query-input":{"@type":"PropertyValueSpecification","valueRequired":true,"valueName":"search_term_string"}}],"inLanguage":"es"}]}},"_links":{"self":[{"href":"https:\/\/legalhub2.goldendigitalgroup.co\/es\/wp-json\/wp\/v2\/pages\/2290","targetHints":{"allow":["GET"]}}],"collection":[{"href":"https:\/\/legalhub2.goldendigitalgroup.co\/es\/wp-json\/wp\/v2\/pages"}],"about":[{"href":"https:\/\/legalhub2.goldendigitalgroup.co\/es\/wp-json\/wp\/v2\/types\/page"}],"author":[{"embeddable":true,"href":"https:\/\/legalhub2.goldendigitalgroup.co\/es\/wp-json\/wp\/v2\/users\/1"}],"replies":[{"embeddable":true,"href":"https:\/\/legalhub2.goldendigitalgroup.co\/es\/wp-json\/wp\/v2\/comments?post=2290"}],"version-history":[{"count":7,"href":"https:\/\/legalhub2.goldendigitalgroup.co\/es\/wp-json\/wp\/v2\/pages\/2290\/revisions"}],"predecessor-version":[{"id":2299,"href":"https:\/\/legalhub2.goldendigitalgroup.co\/es\/wp-json\/wp\/v2\/pages\/2290\/revisions\/2299"}],"wp:attachment":[{"href":"https:\/\/legalhub2.goldendigitalgroup.co\/es\/wp-json\/wp\/v2\/media?parent=2290"}],"curies":[{"name":"wp","href":"https:\/\/api.w.org\/{rel}","templated":true}]}}