{"id":2270,"date":"2026-03-06T20:13:46","date_gmt":"2026-03-06T20:13:46","guid":{"rendered":"https:\/\/legalhub2.goldendigitalgroup.co\/?page_id=2270"},"modified":"2026-03-06T20:22:16","modified_gmt":"2026-03-06T20:22:16","slug":"descargo-de-responsabilidad","status":"publish","type":"page","link":"https:\/\/legalhub2.goldendigitalgroup.co\/es\/descargo-de-responsabilidad\/","title":{"rendered":"Descargo de Responsabilidad"},"content":{"rendered":"<div data-elementor-type=\"wp-page\" data-elementor-id=\"2270\" class=\"elementor elementor-2270\" data-elementor-settings=\"{&quot;ha_cmc_init_switcher&quot;:&quot;no&quot;}\" data-elementor-post-type=\"page\">\n\t\t\t\t\t\t<section class=\"elementor-section elementor-top-section elementor-element elementor-element-35d8a47 elementor-section-content-middle elementor-section-boxed elementor-section-height-default elementor-section-height-default\" data-id=\"35d8a47\" data-element_type=\"section\" data-e-type=\"section\" data-settings=\"{&quot;jet_parallax_layout_list&quot;:[],&quot;background_background&quot;:&quot;classic&quot;,&quot;_ha_eqh_enable&quot;:false}\">\n\t\t\t\t\t\t\t<div class=\"elementor-background-overlay\"><\/div>\n\t\t\t\t\t\t\t<div class=\"elementor-container elementor-column-gap-default\">\n\t\t\t\t\t<div class=\"elementor-column elementor-col-100 elementor-top-column elementor-element elementor-element-c2a6ff7\" data-id=\"c2a6ff7\" data-element_type=\"column\" data-e-type=\"column\">\n\t\t\t<div class=\"elementor-widget-wrap elementor-element-populated\">\n\t\t\t\t\t\t<section class=\"elementor-section elementor-inner-section elementor-element elementor-element-5bc6c57 elementor-section-boxed elementor-section-height-default elementor-section-height-default\" data-id=\"5bc6c57\" data-element_type=\"section\" data-e-type=\"section\" data-settings=\"{&quot;jet_parallax_layout_list&quot;:[],&quot;_ha_eqh_enable&quot;:false}\">\n\t\t\t\t\t\t<div class=\"elementor-container elementor-column-gap-default\">\n\t\t\t\t\t<div class=\"elementor-column elementor-col-100 elementor-inner-column elementor-element elementor-element-8dc3fe2\" data-id=\"8dc3fe2\" data-element_type=\"column\" data-e-type=\"column\">\n\t\t\t<div class=\"elementor-widget-wrap elementor-element-populated\">\n\t\t\t\t\t\t<div class=\"elementor-element elementor-element-127f96c elementor-widget elementor-widget-heading\" data-id=\"127f96c\" data-element_type=\"widget\" data-e-type=\"widget\" data-widget_type=\"heading.default\">\n\t\t\t\t\t<h2 class=\"elementor-heading-title elementor-size-default\">Disclaimer \/ Descargo de Responsabilidad\n<\/h2>\t\t\t\t<\/div>\n\t\t\t\t\t<\/div>\n\t\t<\/div>\n\t\t\t\t\t<\/div>\n\t\t<\/section>\n\t\t\t\t\t<\/div>\n\t\t<\/div>\n\t\t\t\t\t<\/div>\n\t\t<\/section>\n\t\t\t\t<section class=\"elementor-section elementor-top-section elementor-element elementor-element-46443af elementor-section-content-middle elementor-section-boxed elementor-section-height-default elementor-section-height-default\" data-id=\"46443af\" data-element_type=\"section\" data-e-type=\"section\" data-settings=\"{&quot;jet_parallax_layout_list&quot;:[],&quot;_ha_eqh_enable&quot;:false}\">\n\t\t\t\t\t\t<div class=\"elementor-container elementor-column-gap-default\">\n\t\t\t\t\t<div class=\"elementor-column elementor-col-100 elementor-top-column elementor-element elementor-element-6a366ce\" data-id=\"6a366ce\" data-element_type=\"column\" data-e-type=\"column\">\n\t\t\t<div class=\"elementor-widget-wrap elementor-element-populated\">\n\t\t\t\t\t\t<div class=\"elementor-element elementor-element-9ff2ace elementor-widget elementor-widget-text-editor\" data-id=\"9ff2ace\" data-element_type=\"widget\" data-e-type=\"widget\" data-widget_type=\"text-editor.default\">\n\t\t\t\t\t\t\t\t\t<p><span style=\"font-weight: 400;\">El contenido y los servicios proporcionados por Legal Hub Nicaragua tienen fines informativos y de conexi\u00f3n profesional.<\/span><\/p>\t\t\t\t\t\t\t\t<\/div>\n\t\t\t\t<section class=\"elementor-section elementor-inner-section elementor-element elementor-element-7e4fe16 elementor-section-content-middle elementor-section-boxed elementor-section-height-default elementor-section-height-default\" data-id=\"7e4fe16\" data-element_type=\"section\" data-e-type=\"section\" data-settings=\"{&quot;jet_parallax_layout_list&quot;:[],&quot;_ha_eqh_enable&quot;:false}\">\n\t\t\t\t\t\t<div class=\"elementor-container elementor-column-gap-default\">\n\t\t\t\t\t<div class=\"elementor-column elementor-col-100 elementor-inner-column elementor-element elementor-element-2ba3f76\" data-id=\"2ba3f76\" data-element_type=\"column\" data-e-type=\"column\">\n\t\t\t<div class=\"elementor-widget-wrap elementor-element-populated\">\n\t\t\t\t\t\t<div class=\"elementor-element elementor-element-d2e39a7 elementor-widget elementor-widget-heading\" data-id=\"d2e39a7\" data-element_type=\"widget\" data-e-type=\"widget\" data-widget_type=\"heading.default\">\n\t\t\t\t\t<h2 class=\"elementor-heading-title elementor-size-default\">1- No Asesor\u00eda Legal<\/h2>\t\t\t\t<\/div>\n\t\t\t\t<div class=\"elementor-element elementor-element-6085723 elementor-widget elementor-widget-text-editor\" data-id=\"6085723\" data-element_type=\"widget\" data-e-type=\"widget\" data-widget_type=\"text-editor.default\">\n\t\t\t\t\t\t\t\t\t<p><span style=\"font-weight: 400;\">La informaci\u00f3n contenida en este sitio no constituye asesor\u00eda legal y no sustituye la consulta con un abogado calificado. Cada caso es \u00fanico y requiere evaluaci\u00f3n profesional espec\u00edfica.<\/span><\/p>\t\t\t\t\t\t\t\t<\/div>\n\t\t\t\t<div class=\"elementor-element elementor-element-e19b956 elementor-widget elementor-widget-spacer\" data-id=\"e19b956\" data-element_type=\"widget\" data-e-type=\"widget\" data-widget_type=\"spacer.default\">\n\t\t\t\t\t\t\t<div class=\"elementor-spacer\">\n\t\t\t<div class=\"elementor-spacer-inner\"><\/div>\n\t\t<\/div>\n\t\t\t\t\t\t<\/div>\n\t\t\t\t<div class=\"elementor-element elementor-element-3a24e22 elementor-widget elementor-widget-heading\" data-id=\"3a24e22\" data-element_type=\"widget\" data-e-type=\"widget\" data-widget_type=\"heading.default\">\n\t\t\t\t\t<h2 class=\"elementor-heading-title elementor-size-default\">2- Sin Garant\u00edas<\/h2>\t\t\t\t<\/div>\n\t\t\t\t<div class=\"elementor-element elementor-element-32c202c elementor-widget elementor-widget-text-editor\" data-id=\"32c202c\" data-element_type=\"widget\" data-e-type=\"widget\" data-widget_type=\"text-editor.default\">\n\t\t\t\t\t\t\t\t\t<p><span style=\"font-weight: 400;\">Legal Hub Nicaragua no garantiza la precisi\u00f3n, integridad o vigencia de la informaci\u00f3n publicada por terceros, incluyendo perfiles profesionales o rese\u00f1as.<\/span><\/p>\t\t\t\t\t\t\t\t<\/div>\n\t\t\t\t<div class=\"elementor-element elementor-element-2cf6b63 elementor-widget elementor-widget-spacer\" data-id=\"2cf6b63\" data-element_type=\"widget\" data-e-type=\"widget\" data-widget_type=\"spacer.default\">\n\t\t\t\t\t\t\t<div class=\"elementor-spacer\">\n\t\t\t<div class=\"elementor-spacer-inner\"><\/div>\n\t\t<\/div>\n\t\t\t\t\t\t<\/div>\n\t\t\t\t<div class=\"elementor-element elementor-element-488734a elementor-widget elementor-widget-heading\" data-id=\"488734a\" data-element_type=\"widget\" data-e-type=\"widget\" data-widget_type=\"heading.default\">\n\t\t\t\t\t<h3 class=\"elementor-heading-title elementor-size-default\">3- Responsabilidad Limitada<\/h3>\t\t\t\t<\/div>\n\t\t\t\t<div class=\"elementor-element elementor-element-3ccfed9 elementor-widget elementor-widget-text-editor\" data-id=\"3ccfed9\" data-element_type=\"widget\" data-e-type=\"widget\" data-widget_type=\"text-editor.default\">\n\t\t\t\t\t\t\t\t\t<p><span style=\"font-weight: 400;\">El Sitio puede contener enlaces a recursos externos que no est\u00e1n bajo nuestro control. No nos hacemos responsables por el contenido o pr\u00e1cticas de estos sitios vinculados.<\/span><\/p>\t\t\t\t\t\t\t\t<\/div>\n\t\t\t\t<div class=\"elementor-element elementor-element-f898482 elementor-widget elementor-widget-spacer\" data-id=\"f898482\" data-element_type=\"widget\" data-e-type=\"widget\" data-widget_type=\"spacer.default\">\n\t\t\t\t\t\t\t<div class=\"elementor-spacer\">\n\t\t\t<div class=\"elementor-spacer-inner\"><\/div>\n\t\t<\/div>\n\t\t\t\t\t\t<\/div>\n\t\t\t\t<div class=\"elementor-element elementor-element-395af2b elementor-widget elementor-widget-heading\" data-id=\"395af2b\" data-element_type=\"widget\" data-e-type=\"widget\" data-widget_type=\"heading.default\">\n\t\t\t\t\t<h3 class=\"elementor-heading-title elementor-size-default\">4- Enlaces a Sitios de Terceros<\/h3>\t\t\t\t<\/div>\n\t\t\t\t<div class=\"elementor-element elementor-element-2568541 elementor-widget elementor-widget-text-editor\" data-id=\"2568541\" data-element_type=\"widget\" data-e-type=\"widget\" data-widget_type=\"text-editor.default\">\n\t\t\t\t\t\t\t\t\t<p><span style=\"font-weight: 400;\">Legal Hub Nicaragua no ser\u00e1 responsable por da\u00f1os directos, indirectos, incidentales, consecuentes o punitivos que surjan del uso o incapacidad de uso de los servicios ofrecidos en el Sitio.<\/span><\/p>\t\t\t\t\t\t\t\t<\/div>\n\t\t\t\t\t<\/div>\n\t\t<\/div>\n\t\t\t\t\t<\/div>\n\t\t<\/section>\n\t\t\t\t\t<\/div>\n\t\t<\/div>\n\t\t\t\t\t<\/div>\n\t\t<\/section>\n\t\t\t\t<\/div>","protected":false},"excerpt":{"rendered":"<p>Disclaimer \/ Descargo de Responsabilidad El contenido y los servicios proporcionados por Legal Hub Nicaragua tienen fines informativos y de conexi\u00f3n profesional. 1- No Asesor\u00eda Legal La informaci\u00f3n contenida en este sitio no constituye asesor\u00eda legal y no sustituye la consulta con un abogado calificado. Cada caso es \u00fanico y requiere evaluaci\u00f3n profesional espec\u00edfica. 2- [&hellip;]<\/p>\n","protected":false},"author":1,"featured_media":0,"parent":0,"menu_order":0,"comment_status":"closed","ping_status":"closed","template":"elementor_header_footer","meta":{"_acf_changed":false,"footnotes":""},"class_list":["post-2270","page","type-page","status-publish","hentry"],"acf":[],"yoast_head":"<!-- This site is optimized with the Yoast SEO plugin v27.1.1 - https:\/\/yoast.com\/product\/yoast-seo-wordpress\/ -->\n<title>Descargo de Responsabilidad - LegalHub<\/title>\n<meta name=\"robots\" content=\"index, follow, max-snippet:-1, max-image-preview:large, max-video-preview:-1\" \/>\n<link rel=\"canonical\" href=\"https:\/\/legalhub2.goldendigitalgroup.co\/es\/descargo-de-responsabilidad\/\" \/>\n<meta property=\"og:locale\" content=\"es_MX\" \/>\n<meta property=\"og:type\" content=\"article\" \/>\n<meta property=\"og:title\" content=\"Descargo de Responsabilidad - LegalHub\" \/>\n<meta property=\"og:description\" content=\"Disclaimer \/ Descargo de Responsabilidad El contenido y los servicios proporcionados por Legal Hub Nicaragua tienen fines informativos y de conexi\u00f3n profesional. 1- No Asesor\u00eda Legal La informaci\u00f3n contenida en este sitio no constituye asesor\u00eda legal y no sustituye la consulta con un abogado calificado. Cada caso es \u00fanico y requiere evaluaci\u00f3n profesional espec\u00edfica. 2- [&hellip;]\" \/>\n<meta property=\"og:url\" content=\"https:\/\/legalhub2.goldendigitalgroup.co\/es\/descargo-de-responsabilidad\/\" \/>\n<meta property=\"og:site_name\" content=\"LegalHub\" \/>\n<meta property=\"article:modified_time\" content=\"2026-03-06T20:22:16+00:00\" \/>\n<meta name=\"twitter:card\" content=\"summary_large_image\" \/>\n<meta name=\"twitter:label1\" content=\"Tiempo de lectura\" \/>\n\t<meta name=\"twitter:data1\" content=\"1 minuto\" \/>\n<script type=\"application\/ld+json\" class=\"yoast-schema-graph\">{\"@context\":\"https:\/\/schema.org\",\"@graph\":[{\"@type\":\"WebPage\",\"@id\":\"https:\/\/legalhub2.goldendigitalgroup.co\/descargo-de-responsabilidad\/\",\"url\":\"https:\/\/legalhub2.goldendigitalgroup.co\/descargo-de-responsabilidad\/\",\"name\":\"Descargo de Responsabilidad - LegalHub\",\"isPartOf\":{\"@id\":\"https:\/\/legalhub2.goldendigitalgroup.co\/#website\"},\"datePublished\":\"2026-03-06T20:13:46+00:00\",\"dateModified\":\"2026-03-06T20:22:16+00:00\",\"breadcrumb\":{\"@id\":\"https:\/\/legalhub2.goldendigitalgroup.co\/descargo-de-responsabilidad\/#breadcrumb\"},\"inLanguage\":\"es\",\"potentialAction\":[{\"@type\":\"ReadAction\",\"target\":[\"https:\/\/legalhub2.goldendigitalgroup.co\/descargo-de-responsabilidad\/\"]}]},{\"@type\":\"BreadcrumbList\",\"@id\":\"https:\/\/legalhub2.goldendigitalgroup.co\/descargo-de-responsabilidad\/#breadcrumb\",\"itemListElement\":[{\"@type\":\"ListItem\",\"position\":1,\"name\":\"Inicio\",\"item\":\"https:\/\/legalhub2.goldendigitalgroup.co\/\"},{\"@type\":\"ListItem\",\"position\":2,\"name\":\"Descargo de Responsabilidad\"}]},{\"@type\":\"WebSite\",\"@id\":\"https:\/\/legalhub2.goldendigitalgroup.co\/#website\",\"url\":\"https:\/\/legalhub2.goldendigitalgroup.co\/\",\"name\":\"LegalHub\",\"description\":\"Directorio Legal en Nicaragua\",\"potentialAction\":[{\"@type\":\"SearchAction\",\"target\":{\"@type\":\"EntryPoint\",\"urlTemplate\":\"https:\/\/legalhub2.goldendigitalgroup.co\/?s={search_term_string}\"},\"query-input\":{\"@type\":\"PropertyValueSpecification\",\"valueRequired\":true,\"valueName\":\"search_term_string\"}}],\"inLanguage\":\"es\"}]}<\/script>\n<!-- \/ Yoast SEO plugin. -->","yoast_head_json":{"title":"Descargo de Responsabilidad - LegalHub","robots":{"index":"index","follow":"follow","max-snippet":"max-snippet:-1","max-image-preview":"max-image-preview:large","max-video-preview":"max-video-preview:-1"},"canonical":"https:\/\/legalhub2.goldendigitalgroup.co\/es\/descargo-de-responsabilidad\/","og_locale":"es_MX","og_type":"article","og_title":"Descargo de Responsabilidad - LegalHub","og_description":"Disclaimer \/ Descargo de Responsabilidad El contenido y los servicios proporcionados por Legal Hub Nicaragua tienen fines informativos y de conexi\u00f3n profesional. 1- No Asesor\u00eda Legal La informaci\u00f3n contenida en este sitio no constituye asesor\u00eda legal y no sustituye la consulta con un abogado calificado. Cada caso es \u00fanico y requiere evaluaci\u00f3n profesional espec\u00edfica. 2- [&hellip;]","og_url":"https:\/\/legalhub2.goldendigitalgroup.co\/es\/descargo-de-responsabilidad\/","og_site_name":"LegalHub","article_modified_time":"2026-03-06T20:22:16+00:00","twitter_card":"summary_large_image","twitter_misc":{"Tiempo de lectura":"1 minuto"},"schema":{"@context":"https:\/\/schema.org","@graph":[{"@type":"WebPage","@id":"https:\/\/legalhub2.goldendigitalgroup.co\/descargo-de-responsabilidad\/","url":"https:\/\/legalhub2.goldendigitalgroup.co\/descargo-de-responsabilidad\/","name":"Descargo de Responsabilidad - LegalHub","isPartOf":{"@id":"https:\/\/legalhub2.goldendigitalgroup.co\/#website"},"datePublished":"2026-03-06T20:13:46+00:00","dateModified":"2026-03-06T20:22:16+00:00","breadcrumb":{"@id":"https:\/\/legalhub2.goldendigitalgroup.co\/descargo-de-responsabilidad\/#breadcrumb"},"inLanguage":"es","potentialAction":[{"@type":"ReadAction","target":["https:\/\/legalhub2.goldendigitalgroup.co\/descargo-de-responsabilidad\/"]}]},{"@type":"BreadcrumbList","@id":"https:\/\/legalhub2.goldendigitalgroup.co\/descargo-de-responsabilidad\/#breadcrumb","itemListElement":[{"@type":"ListItem","position":1,"name":"Inicio","item":"https:\/\/legalhub2.goldendigitalgroup.co\/"},{"@type":"ListItem","position":2,"name":"Descargo de Responsabilidad"}]},{"@type":"WebSite","@id":"https:\/\/legalhub2.goldendigitalgroup.co\/#website","url":"https:\/\/legalhub2.goldendigitalgroup.co\/","name":"LegalHub","description":"Directorio Legal en Nicaragua","potentialAction":[{"@type":"SearchAction","target":{"@type":"EntryPoint","urlTemplate":"https:\/\/legalhub2.goldendigitalgroup.co\/?s={search_term_string}"},"query-input":{"@type":"PropertyValueSpecification","valueRequired":true,"valueName":"search_term_string"}}],"inLanguage":"es"}]}},"_links":{"self":[{"href":"https:\/\/legalhub2.goldendigitalgroup.co\/es\/wp-json\/wp\/v2\/pages\/2270","targetHints":{"allow":["GET"]}}],"collection":[{"href":"https:\/\/legalhub2.goldendigitalgroup.co\/es\/wp-json\/wp\/v2\/pages"}],"about":[{"href":"https:\/\/legalhub2.goldendigitalgroup.co\/es\/wp-json\/wp\/v2\/types\/page"}],"author":[{"embeddable":true,"href":"https:\/\/legalhub2.goldendigitalgroup.co\/es\/wp-json\/wp\/v2\/users\/1"}],"replies":[{"embeddable":true,"href":"https:\/\/legalhub2.goldendigitalgroup.co\/es\/wp-json\/wp\/v2\/comments?post=2270"}],"version-history":[{"count":15,"href":"https:\/\/legalhub2.goldendigitalgroup.co\/es\/wp-json\/wp\/v2\/pages\/2270\/revisions"}],"predecessor-version":[{"id":2286,"href":"https:\/\/legalhub2.goldendigitalgroup.co\/es\/wp-json\/wp\/v2\/pages\/2270\/revisions\/2286"}],"wp:attachment":[{"href":"https:\/\/legalhub2.goldendigitalgroup.co\/es\/wp-json\/wp\/v2\/media?parent=2270"}],"curies":[{"name":"wp","href":"https:\/\/api.w.org\/{rel}","templated":true}]}}