{"id":1272,"date":"2026-02-26T21:23:39","date_gmt":"2026-02-26T21:23:39","guid":{"rendered":"https:\/\/legalhub2.goldendigitalgroup.co\/?page_id=1272"},"modified":"2026-03-09T16:46:54","modified_gmt":"2026-03-09T16:46:54","slug":"login","status":"publish","type":"page","link":"https:\/\/legalhub2.goldendigitalgroup.co\/es\/login\/","title":{"rendered":"Login"},"content":{"rendered":"\t\t<div data-elementor-type=\"wp-page\" data-elementor-id=\"1272\" class=\"elementor elementor-1272\" data-elementor-settings=\"{&quot;ha_cmc_init_switcher&quot;:&quot;no&quot;}\" data-elementor-post-type=\"page\">\n\t\t\t\t\t\t<section class=\"elementor-section elementor-top-section elementor-element elementor-element-05387bc elementor-section-content-middle elementor-section-boxed elementor-section-height-default elementor-section-height-default\" data-id=\"05387bc\" data-element_type=\"section\" data-e-type=\"section\" data-settings=\"{&quot;jet_parallax_layout_list&quot;:[],&quot;background_background&quot;:&quot;classic&quot;,&quot;_ha_eqh_enable&quot;:false}\">\n\t\t\t\t\t\t\t<div class=\"elementor-background-overlay\"><\/div>\n\t\t\t\t\t\t\t<div class=\"elementor-container elementor-column-gap-default\">\n\t\t\t\t\t<div class=\"elementor-column elementor-col-50 elementor-top-column elementor-element elementor-element-469bb59 elementor-hidden-tablet elementor-hidden-mobile_extra elementor-hidden-mobile\" data-id=\"469bb59\" data-element_type=\"column\" data-e-type=\"column\">\n\t\t\t<div class=\"elementor-widget-wrap\">\n\t\t\t\t\t\t\t<\/div>\n\t\t<\/div>\n\t\t\t\t<div class=\"elementor-column elementor-col-50 elementor-top-column elementor-element elementor-element-b35c83b\" data-id=\"b35c83b\" data-element_type=\"column\" data-e-type=\"column\">\n\t\t\t<div class=\"elementor-widget-wrap elementor-element-populated\">\n\t\t\t\t\t\t<section class=\"elementor-section elementor-inner-section elementor-element elementor-element-30dd944 elementor-section-content-middle elementor-section-boxed elementor-section-height-default elementor-section-height-default\" data-id=\"30dd944\" data-element_type=\"section\" data-e-type=\"section\" data-settings=\"{&quot;jet_parallax_layout_list&quot;:[],&quot;background_background&quot;:&quot;classic&quot;,&quot;_ha_eqh_enable&quot;:false}\">\n\t\t\t\t\t\t<div class=\"elementor-container elementor-column-gap-default\">\n\t\t\t\t\t<div class=\"elementor-column elementor-col-100 elementor-inner-column elementor-element elementor-element-e3e2e2d\" data-id=\"e3e2e2d\" data-element_type=\"column\" data-e-type=\"column\">\n\t\t\t<div class=\"elementor-widget-wrap elementor-element-populated\">\n\t\t\t\t\t\t<div class=\"elementor-element elementor-element-74ccd87 elementor-widget elementor-widget-heading\" data-id=\"74ccd87\" data-element_type=\"widget\" data-e-type=\"widget\" data-widget_type=\"heading.default\">\n\t\t\t\t\t<h3 class=\"elementor-heading-title elementor-size-default\">Iniciar Sesi\u00f3n<\/h3>\t\t\t\t<\/div>\n\t\t\t\t<div class=\"elementor-element elementor-element-19cf6ac elementor-widget elementor-widget-spacer\" data-id=\"19cf6ac\" data-element_type=\"widget\" data-e-type=\"widget\" data-widget_type=\"spacer.default\">\n\t\t\t\t\t\t\t<div class=\"elementor-spacer\">\n\t\t\t<div class=\"elementor-spacer-inner\"><\/div>\n\t\t<\/div>\n\t\t\t\t\t\t<\/div>\n\t\t\t\t<div class=\"elementor-element elementor-element-cc873f8 raven-form-button-align-spaced elementor-widget elementor-widget-raven-login\" data-id=\"cc873f8\" data-element_type=\"widget\" data-e-type=\"widget\" data-settings=\"{&quot;fields&quot;:[{&quot;label&quot;:&quot;Email o nombre de usuario&quot;,&quot;type&quot;:&quot;text&quot;,&quot;placeholder&quot;:&quot;Email o nombre de usuario&quot;,&quot;required&quot;:&quot;true&quot;,&quot;_enable&quot;:&quot;true&quot;,&quot;name&quot;:&quot;username&quot;,&quot;_id&quot;:&quot;2395d2d&quot;,&quot;enable&quot;:null,&quot;recaptcha_theme&quot;:null,&quot;recaptcha_size&quot;:null,&quot;width&quot;:&quot;100&quot;,&quot;recaptcha_badge&quot;:null},{&quot;label&quot;:&quot;Contrase\\u00f1a&quot;,&quot;type&quot;:&quot;password&quot;,&quot;placeholder&quot;:&quot;Contrase\\u00f1a&quot;,&quot;required&quot;:&quot;true&quot;,&quot;_enable&quot;:&quot;true&quot;,&quot;name&quot;:&quot;password&quot;,&quot;_id&quot;:&quot;bdbd92c&quot;,&quot;enable&quot;:null,&quot;recaptcha_theme&quot;:null,&quot;recaptcha_size&quot;:null,&quot;width&quot;:&quot;100&quot;,&quot;recaptcha_badge&quot;:null},{&quot;label&quot;:null,&quot;type&quot;:&quot;recaptcha&quot;,&quot;_enable&quot;:&quot;false&quot;,&quot;name&quot;:&quot;recaptcha&quot;,&quot;_id&quot;:&quot;eb4b785&quot;,&quot;enable&quot;:&quot;&quot;,&quot;placeholder&quot;:null,&quot;recaptcha_theme&quot;:null,&quot;recaptcha_size&quot;:null,&quot;required&quot;:null,&quot;width&quot;:null,&quot;recaptcha_badge&quot;:null},{&quot;label&quot;:null,&quot;type&quot;:&quot;recaptcha_v3&quot;,&quot;_enable&quot;:&quot;false&quot;,&quot;name&quot;:&quot;recaptchav3&quot;,&quot;_id&quot;:&quot;adb4950&quot;,&quot;enable&quot;:&quot;&quot;,&quot;placeholder&quot;:null,&quot;recaptcha_theme&quot;:null,&quot;recaptcha_size&quot;:null,&quot;required&quot;:null,&quot;width&quot;:null,&quot;recaptcha_badge&quot;:null}]}\" data-widget_type=\"raven-login.default\">\n\t\t\t\t<div class=\"elementor-widget-container\">\n\t\t\t\t\t\t\t<form class=\"raven-form raven-flex raven-flex-wrap raven-flex-bottom\" method=\"post\">\n\t\t\t<input type=\"hidden\" name=\"post_id\" value=\"1272\" \/>\n\t\t\t<input type=\"hidden\" name=\"form_id\" value=\"cc873f8\" \/>\n\t\t\t\t\t<div id=\"raven-field-group-2395d2d\" class=\"raven-flex-wrap raven-field-type-text raven-field-group elementor-column elementor-col-100 raven-field-required\">\n\t\t\t\t\t<label\n\t\t\tfor=\"form-field-2395d2d\"\n\t\t\tclass=\"raven-field-label\">\n\t\t\tEmail o nombre de usuario\t\t\t\t\t\t\t<span class=\"required-mark-label\"><\/span>\n\t\t\t\t\t\t<\/label>\n\t\t\t\t<input\n\t\t\toninput=\"onInvalidRavenFormField(event)\"\n\t\t\toninvalid=\"onInvalidRavenFormField(event)\"\n\t\t\ttype=\"text\" name=\"fields[2395d2d]\" id=\"form-field-2395d2d\" class=\"raven-field\" placeholder=\"Email o nombre de usuario\" data-type=\"text\" data-custom-id=\"\" required=\"required\">\n\t\t\t\t<\/div>\n\t\t\t\t<div id=\"raven-field-group-bdbd92c\" class=\"raven-flex-wrap raven-field-type-password raven-field-group elementor-column elementor-col-100 raven-field-required\">\n\t\t\t\t\t<label\n\t\t\tfor=\"form-field-bdbd92c\"\n\t\t\tclass=\"raven-field-label\">\n\t\t\tContrase\u00f1a\t\t\t\t\t\t\t<span class=\"required-mark-label\"><\/span>\n\t\t\t\t\t\t<\/label>\n\t\t\t\t<input\n\t\t\ttype=\"password\"\n\t\t\ttype=\"password\" name=\"fields[bdbd92c]\" id=\"form-field-bdbd92c\" class=\"raven-field\" placeholder=\"Contrase\u00f1a\" data-type=\"password\" data-custom-id=\"\" required=\"required\">\n\t\t\t\t<\/div>\n\t\t\t\t\t<div class=\"raven-field-type-checkbox raven-flex-wrap raven-field-group elementor-column elementor-col-100 login-tools-wrapper\">\n\t\t\t\t\t\t\t\t\t\t\t<\/div>\n\t\t\t<div class=\"raven-field-group raven-field-type-submit-button elementor-column elementor-col-100\">\n\t\t\t\t<button type=\"submit\" class=\"raven-submit-button\">\n\t\t\t\t\t\t\t\t\t\t<span>Iniciar Sesi\u00f3n<\/span>\n\t\t\t\t<\/button>\n\t\t\t<\/div>\n\t\t\t<div class=\"raven-field-type-checkbox raven-flex-wrap raven-field-group elementor-column elementor-col-100 login-tools-wrapper\">\n\t\t\t\t\t\t\t\t\t\t\t<\/div>\n\t\t<\/form>\n\t\t\t\t\t\t<\/div>\n\t\t\t\t<\/div>\n\t\t\t\t\t<\/div>\n\t\t<\/div>\n\t\t\t\t\t<\/div>\n\t\t<\/section>\n\t\t\t\t\t<\/div>\n\t\t<\/div>\n\t\t\t\t\t<\/div>\n\t\t<\/section>\n\t\t\t\t<\/div>\n\t\t","protected":false},"excerpt":{"rendered":"<p>Iniciar Sesi\u00f3n Email o nombre de usuario Contrase\u00f1a Iniciar Sesi\u00f3n This element is hidden for logged-in users and visible only to logged-out users and also administrator for demo purposes.<\/p>","protected":false},"author":1,"featured_media":965,"parent":0,"menu_order":0,"comment_status":"closed","ping_status":"closed","template":"elementor_header_footer","meta":{"_acf_changed":false,"footnotes":""},"class_list":["post-1272","page","type-page","status-publish","has-post-thumbnail","hentry"],"acf":[],"yoast_head":"<!-- This site is optimized with the Yoast SEO plugin v27.1.1 - https:\/\/yoast.com\/product\/yoast-seo-wordpress\/ -->\n<title>Login - LegalHub<\/title>\n<meta name=\"description\" content=\"La red jur\u00eddica digital m\u00e1s relevante de Nicaragua, dise\u00f1ada exclusivamente para profesionales del derecho que desean potenciar su marca personal y atraer clientes de forma org\u00e1nica.\" \/>\n<meta name=\"robots\" content=\"index, follow, max-snippet:-1, max-image-preview:large, max-video-preview:-1\" \/>\n<link rel=\"canonical\" href=\"https:\/\/legalhub2.goldendigitalgroup.co\/es\/login\/\" \/>\n<meta property=\"og:locale\" content=\"es_MX\" \/>\n<meta property=\"og:type\" content=\"article\" \/>\n<meta property=\"og:title\" content=\"Login - LegalHub\" \/>\n<meta property=\"og:description\" content=\"La red jur\u00eddica digital m\u00e1s relevante de Nicaragua, dise\u00f1ada exclusivamente para profesionales del derecho que desean potenciar su marca personal y atraer clientes de forma org\u00e1nica.\" \/>\n<meta property=\"og:url\" content=\"https:\/\/legalhub2.goldendigitalgroup.co\/es\/login\/\" \/>\n<meta property=\"og:site_name\" content=\"LegalHub\" \/>\n<meta property=\"article:modified_time\" content=\"2026-03-09T16:46:54+00:00\" \/>\n<meta property=\"og:image\" content=\"https:\/\/legalhub2.goldendigitalgroup.co\/wp-content\/uploads\/2026\/02\/legal-hub-favicon-near-me.webp\" \/>\n\t<meta property=\"og:image:width\" content=\"500\" \/>\n\t<meta property=\"og:image:height\" content=\"500\" \/>\n\t<meta property=\"og:image:type\" content=\"image\/webp\" \/>\n<meta name=\"twitter:card\" content=\"summary_large_image\" \/>\n<meta name=\"twitter:title\" content=\"Login - LegalHub\" \/>\n<meta name=\"twitter:description\" content=\"La red jur\u00eddica digital m\u00e1s relevante de Nicaragua, dise\u00f1ada exclusivamente para profesionales del derecho que desean potenciar su marca personal y atraer clientes de forma org\u00e1nica.\" \/>\n<meta name=\"twitter:image\" content=\"https:\/\/legalhub2.goldendigitalgroup.co\/wp-content\/uploads\/2026\/02\/legal-hub-favicon-near-me.webp\" \/>\n<meta name=\"twitter:label1\" content=\"Tiempo de lectura\" \/>\n\t<meta name=\"twitter:data1\" content=\"1 minuto\" \/>\n<script type=\"application\/ld+json\" class=\"yoast-schema-graph\">{\"@context\":\"https:\/\/schema.org\",\"@graph\":[{\"@type\":\"WebPage\",\"@id\":\"https:\/\/legalhub2.goldendigitalgroup.co\/login\/\",\"url\":\"https:\/\/legalhub2.goldendigitalgroup.co\/login\/\",\"name\":\"Login - LegalHub\",\"isPartOf\":{\"@id\":\"https:\/\/legalhub2.goldendigitalgroup.co\/#website\"},\"primaryImageOfPage\":{\"@id\":\"https:\/\/legalhub2.goldendigitalgroup.co\/login\/#primaryimage\"},\"image\":{\"@id\":\"https:\/\/legalhub2.goldendigitalgroup.co\/login\/#primaryimage\"},\"thumbnailUrl\":\"https:\/\/legalhub2.goldendigitalgroup.co\/wp-content\/uploads\/2026\/02\/legal-hub-favicon-near-me.webp\",\"datePublished\":\"2026-02-26T21:23:39+00:00\",\"dateModified\":\"2026-03-09T16:46:54+00:00\",\"description\":\"La red jur\u00eddica digital m\u00e1s relevante de Nicaragua, dise\u00f1ada exclusivamente para profesionales del derecho que desean potenciar su marca personal y atraer clientes de forma org\u00e1nica.\",\"breadcrumb\":{\"@id\":\"https:\/\/legalhub2.goldendigitalgroup.co\/login\/#breadcrumb\"},\"inLanguage\":\"es\",\"potentialAction\":[{\"@type\":\"ReadAction\",\"target\":[\"https:\/\/legalhub2.goldendigitalgroup.co\/login\/\"]}]},{\"@type\":\"ImageObject\",\"inLanguage\":\"es\",\"@id\":\"https:\/\/legalhub2.goldendigitalgroup.co\/login\/#primaryimage\",\"url\":\"https:\/\/legalhub2.goldendigitalgroup.co\/wp-content\/uploads\/2026\/02\/legal-hub-favicon-near-me.webp\",\"contentUrl\":\"https:\/\/legalhub2.goldendigitalgroup.co\/wp-content\/uploads\/2026\/02\/legal-hub-favicon-near-me.webp\",\"width\":500,\"height\":500},{\"@type\":\"BreadcrumbList\",\"@id\":\"https:\/\/legalhub2.goldendigitalgroup.co\/login\/#breadcrumb\",\"itemListElement\":[{\"@type\":\"ListItem\",\"position\":1,\"name\":\"Inicio\",\"item\":\"https:\/\/legalhub2.goldendigitalgroup.co\/\"},{\"@type\":\"ListItem\",\"position\":2,\"name\":\"Login\"}]},{\"@type\":\"WebSite\",\"@id\":\"https:\/\/legalhub2.goldendigitalgroup.co\/#website\",\"url\":\"https:\/\/legalhub2.goldendigitalgroup.co\/\",\"name\":\"LegalHub\",\"description\":\"Directorio Legal en Nicaragua\",\"potentialAction\":[{\"@type\":\"SearchAction\",\"target\":{\"@type\":\"EntryPoint\",\"urlTemplate\":\"https:\/\/legalhub2.goldendigitalgroup.co\/?s={search_term_string}\"},\"query-input\":{\"@type\":\"PropertyValueSpecification\",\"valueRequired\":true,\"valueName\":\"search_term_string\"}}],\"inLanguage\":\"es\"}]}<\/script>\n<!-- \/ Yoast SEO plugin. -->","yoast_head_json":{"title":"Login - LegalHub","description":"La red jur\u00eddica digital m\u00e1s relevante de Nicaragua, dise\u00f1ada exclusivamente para profesionales del derecho que desean potenciar su marca personal y atraer clientes de forma org\u00e1nica.","robots":{"index":"index","follow":"follow","max-snippet":"max-snippet:-1","max-image-preview":"max-image-preview:large","max-video-preview":"max-video-preview:-1"},"canonical":"https:\/\/legalhub2.goldendigitalgroup.co\/es\/login\/","og_locale":"es_MX","og_type":"article","og_title":"Login - LegalHub","og_description":"La red jur\u00eddica digital m\u00e1s relevante de Nicaragua, dise\u00f1ada exclusivamente para profesionales del derecho que desean potenciar su marca personal y atraer clientes de forma org\u00e1nica.","og_url":"https:\/\/legalhub2.goldendigitalgroup.co\/es\/login\/","og_site_name":"LegalHub","article_modified_time":"2026-03-09T16:46:54+00:00","og_image":[{"width":500,"height":500,"url":"https:\/\/legalhub2.goldendigitalgroup.co\/wp-content\/uploads\/2026\/02\/legal-hub-favicon-near-me.webp","type":"image\/webp"}],"twitter_card":"summary_large_image","twitter_title":"Login - LegalHub","twitter_description":"La red jur\u00eddica digital m\u00e1s relevante de Nicaragua, dise\u00f1ada exclusivamente para profesionales del derecho que desean potenciar su marca personal y atraer clientes de forma org\u00e1nica.","twitter_image":"https:\/\/legalhub2.goldendigitalgroup.co\/wp-content\/uploads\/2026\/02\/legal-hub-favicon-near-me.webp","twitter_misc":{"Tiempo de lectura":"1 minuto"},"schema":{"@context":"https:\/\/schema.org","@graph":[{"@type":"WebPage","@id":"https:\/\/legalhub2.goldendigitalgroup.co\/login\/","url":"https:\/\/legalhub2.goldendigitalgroup.co\/login\/","name":"Login - LegalHub","isPartOf":{"@id":"https:\/\/legalhub2.goldendigitalgroup.co\/#website"},"primaryImageOfPage":{"@id":"https:\/\/legalhub2.goldendigitalgroup.co\/login\/#primaryimage"},"image":{"@id":"https:\/\/legalhub2.goldendigitalgroup.co\/login\/#primaryimage"},"thumbnailUrl":"https:\/\/legalhub2.goldendigitalgroup.co\/wp-content\/uploads\/2026\/02\/legal-hub-favicon-near-me.webp","datePublished":"2026-02-26T21:23:39+00:00","dateModified":"2026-03-09T16:46:54+00:00","description":"La red jur\u00eddica digital m\u00e1s relevante de Nicaragua, dise\u00f1ada exclusivamente para profesionales del derecho que desean potenciar su marca personal y atraer clientes de forma org\u00e1nica.","breadcrumb":{"@id":"https:\/\/legalhub2.goldendigitalgroup.co\/login\/#breadcrumb"},"inLanguage":"es","potentialAction":[{"@type":"ReadAction","target":["https:\/\/legalhub2.goldendigitalgroup.co\/login\/"]}]},{"@type":"ImageObject","inLanguage":"es","@id":"https:\/\/legalhub2.goldendigitalgroup.co\/login\/#primaryimage","url":"https:\/\/legalhub2.goldendigitalgroup.co\/wp-content\/uploads\/2026\/02\/legal-hub-favicon-near-me.webp","contentUrl":"https:\/\/legalhub2.goldendigitalgroup.co\/wp-content\/uploads\/2026\/02\/legal-hub-favicon-near-me.webp","width":500,"height":500},{"@type":"BreadcrumbList","@id":"https:\/\/legalhub2.goldendigitalgroup.co\/login\/#breadcrumb","itemListElement":[{"@type":"ListItem","position":1,"name":"Inicio","item":"https:\/\/legalhub2.goldendigitalgroup.co\/"},{"@type":"ListItem","position":2,"name":"Login"}]},{"@type":"WebSite","@id":"https:\/\/legalhub2.goldendigitalgroup.co\/#website","url":"https:\/\/legalhub2.goldendigitalgroup.co\/","name":"LegalHub","description":"Directorio Legal en Nicaragua","potentialAction":[{"@type":"SearchAction","target":{"@type":"EntryPoint","urlTemplate":"https:\/\/legalhub2.goldendigitalgroup.co\/?s={search_term_string}"},"query-input":{"@type":"PropertyValueSpecification","valueRequired":true,"valueName":"search_term_string"}}],"inLanguage":"es"}]}},"_links":{"self":[{"href":"https:\/\/legalhub2.goldendigitalgroup.co\/es\/wp-json\/wp\/v2\/pages\/1272","targetHints":{"allow":["GET"]}}],"collection":[{"href":"https:\/\/legalhub2.goldendigitalgroup.co\/es\/wp-json\/wp\/v2\/pages"}],"about":[{"href":"https:\/\/legalhub2.goldendigitalgroup.co\/es\/wp-json\/wp\/v2\/types\/page"}],"author":[{"embeddable":true,"href":"https:\/\/legalhub2.goldendigitalgroup.co\/es\/wp-json\/wp\/v2\/users\/1"}],"replies":[{"embeddable":true,"href":"https:\/\/legalhub2.goldendigitalgroup.co\/es\/wp-json\/wp\/v2\/comments?post=1272"}],"version-history":[{"count":22,"href":"https:\/\/legalhub2.goldendigitalgroup.co\/es\/wp-json\/wp\/v2\/pages\/1272\/revisions"}],"predecessor-version":[{"id":2367,"href":"https:\/\/legalhub2.goldendigitalgroup.co\/es\/wp-json\/wp\/v2\/pages\/1272\/revisions\/2367"}],"wp:featuredmedia":[{"embeddable":true,"href":"https:\/\/legalhub2.goldendigitalgroup.co\/es\/wp-json\/wp\/v2\/media\/965"}],"wp:attachment":[{"href":"https:\/\/legalhub2.goldendigitalgroup.co\/es\/wp-json\/wp\/v2\/media?parent=1272"}],"curies":[{"name":"wp","href":"https:\/\/api.w.org\/{rel}","templated":true}]}}